{"id":516,"date":"2025-06-25T16:01:11","date_gmt":"2025-06-25T16:01:11","guid":{"rendered":"https:\/\/casasdecuidadodiario.org\/es\/?page_id=516"},"modified":"2025-06-25T16:01:11","modified_gmt":"2025-06-25T16:01:11","slug":"perfil-consejo-directivo","status":"publish","type":"page","link":"https:\/\/casasdecuidadodiario.org\/es\/perfil-consejo-directivo\/","title":{"rendered":"Perfil Consejo Directivo"},"content":{"rendered":"\n<p>El Consejo Directivo est\u00e1 integrado por mujeres generosas, honorables, comprometidas, con visi\u00f3n y liderazgo, que trabajan de manera voluntaria para garantizar el cumplimiento de la misi\u00f3n, visi\u00f3n y objetivos de Casas de Cuidado Diario.<\/p>\n\n\n\n<p>Son personas con un alto compromiso con el bienestar infantil que colaboran de manera honor\u00edfica en los procesos de gobernanza y administraci\u00f3n de Casas de Cuidado Diario.<\/p>\n\n\n\n<p>Su trayectoria acad\u00e9mica incluye estudios de licenciatura y posgrado en diversas disciplinas y cuentan con una amplia trayectoria y experiencia en la atenci\u00f3n y cuidado de ni\u00f1as y ni\u00f1os en entornos seguros y afectivos, generando un impacto positivo y fortaleciendo redes de apoyo para la infancia, garantizando con esto el desarrollo pleno de cada ni\u00f1o y ni\u00f1a.<\/p>\n","protected":false},"excerpt":{"rendered":"<p>El Consejo Directivo est\u00e1 integrado por mujeres generosas, honorables, comprometidas, con visi\u00f3n y liderazgo, que trabajan de manera voluntaria para garantizar el cumplimiento de la misi\u00f3n, visi\u00f3n y objetivos de Casas de Cuidado Diario. Son personas con un alto compromiso con el bienestar infantil que colaboran de manera honor\u00edfica en los procesos de gobernanza y [&hellip;]<\/p>\n","protected":false},"author":1,"featured_media":0,"parent":0,"menu_order":0,"comment_status":"closed","ping_status":"closed","template":"","meta":{"footnotes":""},"_links":{"self":[{"href":"https:\/\/casasdecuidadodiario.org\/es\/wp-json\/wp\/v2\/pages\/516"}],"collection":[{"href":"https:\/\/casasdecuidadodiario.org\/es\/wp-json\/wp\/v2\/pages"}],"about":[{"href":"https:\/\/casasdecuidadodiario.org\/es\/wp-json\/wp\/v2\/types\/page"}],"author":[{"embeddable":true,"href":"https:\/\/casasdecuidadodiario.org\/es\/wp-json\/wp\/v2\/users\/1"}],"replies":[{"embeddable":true,"href":"https:\/\/casasdecuidadodiario.org\/es\/wp-json\/wp\/v2\/comments?post=516"}],"version-history":[{"count":1,"href":"https:\/\/casasdecuidadodiario.org\/es\/wp-json\/wp\/v2\/pages\/516\/revisions"}],"predecessor-version":[{"id":517,"href":"https:\/\/casasdecuidadodiario.org\/es\/wp-json\/wp\/v2\/pages\/516\/revisions\/517"}],"wp:attachment":[{"href":"https:\/\/casasdecuidadodiario.org\/es\/wp-json\/wp\/v2\/media?parent=516"}],"curies":[{"name":"wp","href":"https:\/\/api.w.org\/{rel}","templated":true}]}}