{"id":518,"date":"2025-06-25T16:01:47","date_gmt":"2025-06-25T16:01:47","guid":{"rendered":"https:\/\/casasdecuidadodiario.org\/es\/?page_id=518"},"modified":"2025-06-25T16:01:47","modified_gmt":"2025-06-25T16:01:47","slug":"perfil-equipo-operativo","status":"publish","type":"page","link":"https:\/\/casasdecuidadodiario.org\/es\/perfil-equipo-operativo\/","title":{"rendered":"Perfil Equipo Operativo"},"content":{"rendered":"\n<p>El Equipo Operativo de Casas de Cuidado Diario est\u00e1 integrado por mujeres responsables y comprometidas, con una s\u00f3lida formaci\u00f3n profesional y vocaci\u00f3n de servicio.<\/p>\n\n\n\n<p>Sus perfiles abarcan estudios de nivel licenciatura, maestr\u00eda en \u00e1reas como educaci\u00f3n, trabajo social, psicolog\u00eda, administraci\u00f3n y desarrollo comunitario.<\/p>\n\n\n\n<p>Su labor diaria es clave para garantizar el adecuado funcionamiento de las Casas de Cuidado, asegurando espacios seguros, formativos y afectivos para ni\u00f1as y ni\u00f1os en situaci\u00f3n de vulnerabilidad.<\/p>\n","protected":false},"excerpt":{"rendered":"<p>El Equipo Operativo de Casas de Cuidado Diario est\u00e1 integrado por mujeres responsables y comprometidas, con una s\u00f3lida formaci\u00f3n profesional y vocaci\u00f3n de servicio. Sus perfiles abarcan estudios de nivel licenciatura, maestr\u00eda en \u00e1reas como educaci\u00f3n, trabajo social, psicolog\u00eda, administraci\u00f3n y desarrollo comunitario. Su labor diaria es clave para garantizar el adecuado funcionamiento de las [&hellip;]<\/p>\n","protected":false},"author":1,"featured_media":0,"parent":0,"menu_order":0,"comment_status":"closed","ping_status":"closed","template":"","meta":{"footnotes":""},"_links":{"self":[{"href":"https:\/\/casasdecuidadodiario.org\/es\/wp-json\/wp\/v2\/pages\/518"}],"collection":[{"href":"https:\/\/casasdecuidadodiario.org\/es\/wp-json\/wp\/v2\/pages"}],"about":[{"href":"https:\/\/casasdecuidadodiario.org\/es\/wp-json\/wp\/v2\/types\/page"}],"author":[{"embeddable":true,"href":"https:\/\/casasdecuidadodiario.org\/es\/wp-json\/wp\/v2\/users\/1"}],"replies":[{"embeddable":true,"href":"https:\/\/casasdecuidadodiario.org\/es\/wp-json\/wp\/v2\/comments?post=518"}],"version-history":[{"count":1,"href":"https:\/\/casasdecuidadodiario.org\/es\/wp-json\/wp\/v2\/pages\/518\/revisions"}],"predecessor-version":[{"id":519,"href":"https:\/\/casasdecuidadodiario.org\/es\/wp-json\/wp\/v2\/pages\/518\/revisions\/519"}],"wp:attachment":[{"href":"https:\/\/casasdecuidadodiario.org\/es\/wp-json\/wp\/v2\/media?parent=518"}],"curies":[{"name":"wp","href":"https:\/\/api.w.org\/{rel}","templated":true}]}}